{"id":4013,"date":"2020-04-02T12:17:59","date_gmt":"2020-04-02T12:17:59","guid":{"rendered":"https:\/\/redwellness.com\/?page_id=4013"},"modified":"2020-04-02T12:30:46","modified_gmt":"2020-04-02T12:30:46","slug":"rw","status":"publish","type":"page","link":"https:\/\/redwellness.com\/es\/","title":{"rendered":"RedWellness"},"content":{"rendered":"\n\t\t<div id=\"fws_69d01a8897a1f\"  data-midnight=\"light\" data-bg-mobile-hidden=\"true\" class=\"wpb_row vc_row-fluid vc_row full-width-section standard_section   \"  style=\"padding-top: 15%; padding-bottom: 15%; \"><div class=\"row-bg-wrap\"><div class=\"inner-wrap\"> <div class=\"row-bg using-image using-bg-color  \"  style=\"background-image: url(https:\/\/i2.wp.com\/redwellness.com\/wp-content\/uploads\/2017\/11\/Redwellness-home.jpg?fit=2248%2C1408&ssl=1); background-position: left top; background-repeat: no-repeat; background-color: #333333; \" data-color_overlay=\"rgba(10,10,10,0.2)\" data-color_overlay_2=\"#000000\" data-gradient_direction=\"left_to_right\" data-overlay_strength=\"1\" data-enable_gradient=\"true\"><\/div><\/div> <\/div><div class=\"col span_12 light left\">\n\t<div  class=\"vc_col-sm-6 wpb_column column_container vc_column_container col no-extra-padding\"  data-shadow=\"none\" data-border-animation=\"\" data-border-animation-delay=\"\" data-border-width=\"none\" data-border-style=\"solid\" data-border-color=\"\" data-bg-cover=\"\" data-padding-pos=\"all\" data-has-bg-color=\"false\" data-bg-color=\"\" data-bg-opacity=\"1\" data-hover-bg=\"\" data-hover-bg-opacity=\"1\" data-animation=\"\" data-delay=\"0\">\n\t\t<div class=\"vc_column-inner\">\n\t\t\t<div class=\"wpb_wrapper\">\n\t\t\t\t\n\t\t\t<\/div> \n\t\t<\/div>\n\t<\/div> \n\n\t<div  class=\"vc_col-sm-6 wpb_column column_container vc_column_container col no-extra-padding\"  data-shadow=\"none\" data-border-animation=\"\" data-border-animation-delay=\"\" data-border-width=\"none\" data-border-style=\"solid\" data-border-color=\"\" data-bg-cover=\"\" data-padding-pos=\"all\" data-has-bg-color=\"false\" data-bg-color=\"\" data-bg-opacity=\"1\" data-hover-bg=\"\" data-hover-bg-opacity=\"1\" data-animation=\"\" data-delay=\"0\">\n\t\t<div class=\"vc_column-inner\">\n\t\t\t<div class=\"wpb_wrapper\">\n\t\t\t\t<div class=\"nectar-split-heading\"><div class=\"heading-line\"> <div><h1>REDWELLNESS<\/h1> <\/div> <\/div><div class=\"heading-line\"> <div><h3>Una d\u00e9cada creando experiencias \u00fanicas<\/h3> <\/div> <\/div><\/div>\n\t<div id=\"fws_69d01a889a8cd\" data-midnight=\"\" data-column-margin=\"default\" data-bg-mobile-hidden=\"\" class=\"wpb_row vc_row-fluid vc_row standard_section    \"  style=\"padding-top: 0px; padding-bottom: 0px; \"><div class=\"row-bg-wrap\"> <div class=\"row-bg   \"  style=\"\"><\/div> <\/div><div class=\"col span_12  left\">\n\t<div  class=\"vc_col-sm-12 wpb_column column_container vc_column_container col has-animation no-extra-padding\"   data-border-animation=\"\" data-border-animation-delay=\"\" data-border-width=\"none\" data-border-style=\"solid\" data-border-color=\"\" data-bg-cover=\"\" data-padding-pos=\"all\" data-has-bg-color=\"false\" data-bg-color=\"\" data-bg-opacity=\"1\" data-hover-bg=\"\" data-hover-bg-opacity=\"1\" data-animation=\"fade-in-from-bottom\" data-delay=\"300\">\n\t\t<div class=\"vc_column-inner\">\n\t\t<div class=\"wpb_wrapper\">\n\t\t\t<p style=\"color: rgba(255,255,255,0.7);text-align: left\" class=\"vc_custom_heading\">En RW ofrecemos las soluciones m\u00e1s avanzadas en entrenamiento funcional en Espa\u00f1a y Portugal. Somos distribuidores exclusivos de Escape Fitness, Funxtion, Octane y MyZone en estos mercados. Contamos con una red de clientes que llevan a\u00f1os confiando en nosotros, con m\u00e1s de 20 a\u00f1os de experiencia en este sector, los mejores productos para el entrenamiento tanto en gimnasio como en casa.<\/p>\n\t\t<\/div> \n\t<\/div>\n\t<\/div> \n<\/div><\/div>\n\t<div id=\"fws_69d01a889b0f7\" data-midnight=\"\" data-column-margin=\"default\" data-bg-mobile-hidden=\"\" class=\"wpb_row vc_row-fluid vc_row standard_section    \"  style=\"padding-top: 30px; padding-bottom: 0px; \"><div class=\"row-bg-wrap\"> <div class=\"row-bg   \"  style=\"\"><\/div> <\/div><div class=\"col span_12  left\">\n\t<div  class=\"vc_col-sm-12 wpb_column column_container vc_column_container col has-animation no-extra-padding\"   data-border-animation=\"\" data-border-animation-delay=\"\" data-border-width=\"none\" data-border-style=\"solid\" data-border-color=\"\" data-bg-cover=\"\" data-padding-pos=\"all\" data-has-bg-color=\"false\" data-bg-color=\"\" data-bg-opacity=\"1\" data-hover-bg=\"\" data-hover-bg-opacity=\"1\" data-animation=\"fade-in-from-bottom\" data-delay=\"500\">\n\t\t<div class=\"vc_column-inner\">\n\t\t<div class=\"wpb_wrapper\">\n\t\t\t\t\n\t\n\n\n\t<div class=\"portfolio-wrap \">\n\t\t\t\n\t\t\t\n\t\t\t<span class=\"portfolio-loading  none\">   <\/span>\n\n\t\t\t\n\t\t\t\t\t\t\n\t\t\t<div class=\"row portfolio-items no-masonry  infinite_scroll \" data-rcp=\"false\" data-masonry-type=\"default\" data-ps=\"6\" data-starting-filter=\"\" data-gutter=\"default\" data-categories-to-show=\"homerw\" data-col-num=\"cols-3\">\n\t\t\t\t\t\t\t\t\t\n\t\t\t\t\t\t\t\t\t\t\n\t\t\t\t\t<div class=\"col span_4  element homerw redwellness \"  data-project-cat=\"homerw redwellness \" data-default-color=\"true\" data-title-color=\"#ffffff\" data-subtitle-color=\"#ffffff\">\n\t\t\t\t\t\t\n\t\t\t\t\t\t<div class=\"inner-wrap animated\" data-animation=\"fade_in\">\n\n\t\t\t\t\t\t\t\t\t\t\t\t\t\n\t\t\t\t\t\t\t<div class=\"work-item style-5\" data-custom-content=\"off\" data-text-align=\"middle\">\n\t\t\t\t\t\t\t\t\n\t\t\t\t\t\t\t\t<img class=\"sizer\" src=\"https:\/\/i1.wp.com\/redwellness.com\/wp-content\/themes\/salient\/img\/no-portfolio-item-small.jpg?w=1080&#038;ssl=1\" alt=\"HOME GYM\" data-recalc-dims=\"1\" \/><div class=\"parallaxImg\"><div class=\"parallaxImg-layer\" data-img=\"https:\/\/i1.wp.com\/redwellness.com\/wp-content\/uploads\/2020\/10\/Home-Gym-Header.jpg?resize=600%2C403&ssl=1\"><\/div><div class=\"parallaxImg-layer\"><div class=\"bg-overlay\"><\/div> <div class=\"work-meta\"><div class=\"inner\">\t<h4 class=\"title\"> HOME GYM<\/h4><p>28 octubre, 2020<\/p><\/div><\/div><\/div><\/div>\t\t\t\t\t\t\t\t\t\t\t\n\t\t\t\t\t\t\t\t\t<a href=\"https:\/\/redwellness.com\/es\/portfolio\/home-gym\/\"><\/a>\n\t\t\t\t\t\t\t\t\n\t\t\t\t\t\t\t\t\n\t\t\t\t\t\t\t\n\t\t\t\t\t\t\t<\/div><!--work-item-->\n\n\t\t\t\t\t\t\n\t\t\t\t\t\t\t\n\t\t\t\t\t\t\t\t\t\t\t\t\n\t\t\t\t\t\t\n\t\t\t\t\t<\/div><!--\/inner-wrap-->\n\t\t\t\t\t<\/div><!--\/col-->\n\t\t\t\t\t\n\t\t\t\t\t\t\t\t\t\n\t\t\t\t\t\t\t\t\t\t\n\t\t\t\t\t<div class=\"col span_4  element homerw redwellness \"  data-project-cat=\"homerw redwellness \" data-default-color=\"true\" data-title-color=\"#ffffff\" data-subtitle-color=\"#ffffff\">\n\t\t\t\t\t\t\n\t\t\t\t\t\t<div class=\"inner-wrap animated\" data-animation=\"fade_in\">\n\n\t\t\t\t\t\t\t\t\t\t\t\t\t\n\t\t\t\t\t\t\t<div class=\"work-item style-5\" data-custom-content=\"off\" data-text-align=\"middle\">\n\t\t\t\t\t\t\t\t\n\t\t\t\t\t\t\t\t<img class=\"sizer\" src=\"https:\/\/i1.wp.com\/redwellness.com\/wp-content\/themes\/salient\/img\/no-portfolio-item-small.jpg?w=1080&#038;ssl=1\" alt=\"MyZone\" data-recalc-dims=\"1\" \/><div class=\"parallaxImg\"><div class=\"parallaxImg-layer\" data-img=\"https:\/\/i0.wp.com\/redwellness.com\/wp-content\/uploads\/2019\/03\/mz01.png?resize=600%2C403&ssl=1\"><\/div><div class=\"parallaxImg-layer\"><div class=\"bg-overlay\"><\/div> <div class=\"work-meta\"><div class=\"inner\">\t<h4 class=\"title\"> MyZone<\/h4><p>15 marzo, 2019<\/p><\/div><\/div><\/div><\/div>\t\t\t\t\t\t\t\t\t\t\t\n\t\t\t\t\t\t\t\t\t<a href=\"https:\/\/redwellness.com\/es\/portfolio\/myzone\/\"><\/a>\n\t\t\t\t\t\t\t\t\n\t\t\t\t\t\t\t\t\n\t\t\t\t\t\t\t\n\t\t\t\t\t\t\t<\/div><!--work-item-->\n\n\t\t\t\t\t\t\n\t\t\t\t\t\t\t\n\t\t\t\t\t\t\t\t\t\t\t\t\n\t\t\t\t\t\t\n\t\t\t\t\t<\/div><!--\/inner-wrap-->\n\t\t\t\t\t<\/div><!--\/col-->\n\t\t\t\t\t\n\t\t\t\t\t\t\t\t\t\n\t\t\t\t\t\t\t\t\t\t\n\t\t\t\t\t<div class=\"col span_4  element homerw redwellness \"  data-project-cat=\"homerw redwellness \" data-default-color=\"true\" data-title-color=\"#ffffff\" data-subtitle-color=\"#ffffff\">\n\t\t\t\t\t\t\n\t\t\t\t\t\t<div class=\"inner-wrap animated\" data-animation=\"fade_in\">\n\n\t\t\t\t\t\t\t\t\t\t\t\t\t\n\t\t\t\t\t\t\t<div class=\"work-item style-5\" data-custom-content=\"off\" data-text-align=\"middle\">\n\t\t\t\t\t\t\t\t\n\t\t\t\t\t\t\t\t<img class=\"sizer\" src=\"https:\/\/i1.wp.com\/redwellness.com\/wp-content\/themes\/salient\/img\/no-portfolio-item-small.jpg?w=1080&#038;ssl=1\" alt=\"ESCAPE FITNESS\" data-recalc-dims=\"1\" \/><div class=\"parallaxImg\"><div class=\"parallaxImg-layer\" data-img=\"https:\/\/i0.wp.com\/redwellness.com\/wp-content\/uploads\/2017\/01\/home-escape.jpg?resize=600%2C403&ssl=1\"><\/div><div class=\"parallaxImg-layer\"><div class=\"bg-overlay\"><\/div> <div class=\"work-meta\"><div class=\"inner\">\t<h4 class=\"title\"> ESCAPE FITNESS<\/h4><p>7 noviembre, 2017<\/p><\/div><\/div><\/div><\/div>\t\t\t\t\t\t\t\t\t\t\t\n\t\t\t\t\t\t\t\t\t<a href=\"https:\/\/redwellness.com\/es\/portfolio\/track-athletic-gear\/\"><\/a>\n\t\t\t\t\t\t\t\t\n\t\t\t\t\t\t\t\t\n\t\t\t\t\t\t\t\n\t\t\t\t\t\t\t<\/div><!--work-item-->\n\n\t\t\t\t\t\t\n\t\t\t\t\t\t\t\n\t\t\t\t\t\t\t\t\t\t\t\t\n\t\t\t\t\t\t\n\t\t\t\t\t<\/div><!--\/inner-wrap-->\n\t\t\t\t\t<\/div><!--\/col-->\n\t\t\t\t\t\n\t\t\t\t\t\t\t\t\t\n\t\t\t\t\t\t\t\t\t\t\n\t\t\t\t\t<div class=\"col span_4  element homerw redwellness \"  data-project-cat=\"homerw redwellness \" data-default-color=\"true\" data-title-color=\"\" data-subtitle-color=\"\">\n\t\t\t\t\t\t\n\t\t\t\t\t\t<div class=\"inner-wrap animated\" data-animation=\"fade_in\">\n\n\t\t\t\t\t\t\t\t\t\t\t\t\t\n\t\t\t\t\t\t\t<div class=\"work-item style-5\" data-custom-content=\"off\" data-text-align=\"left\">\n\t\t\t\t\t\t\t\t\n\t\t\t\t\t\t\t\t<img class=\"sizer\" src=\"https:\/\/i1.wp.com\/redwellness.com\/wp-content\/themes\/salient\/img\/no-portfolio-item-small.jpg?w=1080&#038;ssl=1\" alt=\"OCTANE FITNESS\" data-recalc-dims=\"1\" \/><div class=\"parallaxImg\"><div class=\"parallaxImg-layer\" data-img=\"https:\/\/i2.wp.com\/redwellness.com\/wp-content\/uploads\/2018\/03\/AirdyneX.jpg?resize=600%2C403&ssl=1\"><\/div><div class=\"parallaxImg-layer\"><div class=\"bg-overlay\"><\/div> <div class=\"work-meta\"><div class=\"inner\">\t<h4 class=\"title\"> OCTANE FITNESS<\/h4><p>7 marzo, 2018<\/p><\/div><\/div><\/div><\/div>\t\t\t\t\t\t\t\t\t\t\t\n\t\t\t\t\t\t\t\t\t<a href=\"https:\/\/redwellness.com\/es\/portfolio\/octane-fitness\/\"><\/a>\n\t\t\t\t\t\t\t\t\n\t\t\t\t\t\t\t\t\n\t\t\t\t\t\t\t\n\t\t\t\t\t\t\t<\/div><!--work-item-->\n\n\t\t\t\t\t\t\n\t\t\t\t\t\t\t\n\t\t\t\t\t\t\t\t\t\t\t\t\n\t\t\t\t\t\t\n\t\t\t\t\t<\/div><!--\/inner-wrap-->\n\t\t\t\t\t<\/div><!--\/col-->\n\t\t\t\t\t\n\t\t\t\t\t\t\t\t\t\n\t\t\t\t\t\t\t\t\t\t\n\t\t\t\t\t<div class=\"col span_4  element homerw redwellness \"  data-project-cat=\"homerw redwellness \" data-default-color=\"true\" data-title-color=\"\" data-subtitle-color=\"\">\n\t\t\t\t\t\t\n\t\t\t\t\t\t<div class=\"inner-wrap animated\" data-animation=\"fade_in\">\n\n\t\t\t\t\t\t\t\t\t\t\t\t\t\n\t\t\t\t\t\t\t<div class=\"work-item style-5\" data-custom-content=\"off\" data-text-align=\"left\">\n\t\t\t\t\t\t\t\t\n\t\t\t\t\t\t\t\t<img class=\"sizer\" src=\"https:\/\/i1.wp.com\/redwellness.com\/wp-content\/themes\/salient\/img\/no-portfolio-item-small.jpg?w=1080&#038;ssl=1\" alt=\"FUNXTION\" data-recalc-dims=\"1\" \/><div class=\"parallaxImg\"><div class=\"parallaxImg-layer\" data-img=\"https:\/\/i1.wp.com\/redwellness.com\/wp-content\/uploads\/2016\/10\/funxtion-rw.jpg?resize=600%2C403&ssl=1\"><\/div><div class=\"parallaxImg-layer\"><div class=\"bg-overlay\"><\/div> <div class=\"work-meta\"><div class=\"inner\">\t<h4 class=\"title\"> FUNXTION<\/h4><p>13 octubre, 2016<\/p><\/div><\/div><\/div><\/div>\t\t\t\t\t\t\t\t\t\t\t\n\t\t\t\t\t\t\t\t\t<a href=\"https:\/\/redwellness.com\/es\/portfolio\/funxtion\/\"><\/a>\n\t\t\t\t\t\t\t\t\n\t\t\t\t\t\t\t\t\n\t\t\t\t\t\t\t\n\t\t\t\t\t\t\t<\/div><!--work-item-->\n\n\t\t\t\t\t\t\n\t\t\t\t\t\t\t\n\t\t\t\t\t\t\t\t\t\t\t\t\n\t\t\t\t\t\t\n\t\t\t\t\t<\/div><!--\/inner-wrap-->\n\t\t\t\t\t<\/div><!--\/col-->\n\t\t\t\t\t\n\t\t\t\t\n\t\t\t<\/div><!--\/portfolio-->\n\t   <\/div><!--\/portfolio wrap-->\n\t\t\n\t\t\n\t\t<\/div> \n\t<\/div>\n\t<\/div> \n<\/div><\/div><div class=\"divider-wrap\"><div style=\"height: 11px;\" class=\"divider\"><\/div><\/div>\n\t\t\t<\/div> \n\t\t<\/div>\n\t<\/div> \n<\/div><\/div>\n","protected":false},"excerpt":{"rendered":"","protected":false},"author":1,"featured_media":0,"parent":0,"menu_order":0,"comment_status":"closed","ping_status":"closed","template":"","meta":{"spay_email":""},"yoast_head":"<!-- This site is optimized with the Yoast SEO plugin v16.4 - https:\/\/yoast.com\/wordpress\/plugins\/seo\/ -->\n<title>RedWellness - Red Wellness<\/title>\n<meta name=\"robots\" content=\"index, follow, max-snippet:-1, max-image-preview:large, max-video-preview:-1\" \/>\n<link rel=\"canonical\" href=\"https:\/\/redwellness.com\/es\/\" \/>\n<meta property=\"og:locale\" content=\"es_ES\" \/>\n<meta property=\"og:type\" content=\"article\" \/>\n<meta property=\"og:title\" content=\"RedWellness - Red Wellness\" \/>\n<meta property=\"og:url\" content=\"https:\/\/redwellness.com\/es\/\" \/>\n<meta property=\"og:site_name\" content=\"Red Wellness\" \/>\n<meta property=\"article:modified_time\" content=\"2020-04-02T12:30:46+00:00\" \/>\n<meta name=\"twitter:card\" content=\"summary_large_image\" \/>\n<meta name=\"twitter:label1\" content=\"Tiempo de lectura\" \/>\n\t<meta name=\"twitter:data1\" content=\"2 minutos\" \/>\n<script type=\"application\/ld+json\" class=\"yoast-schema-graph\">{\"@context\":\"https:\/\/schema.org\",\"@graph\":[{\"@type\":\"WebSite\",\"@id\":\"https:\/\/redwellness.com\/#website\",\"url\":\"https:\/\/redwellness.com\/\",\"name\":\"Red Wellness\",\"description\":\"\",\"potentialAction\":[{\"@type\":\"SearchAction\",\"target\":\"https:\/\/redwellness.com\/?s={search_term_string}\",\"query-input\":\"required name=search_term_string\"}],\"inLanguage\":\"es\"},{\"@type\":\"WebPage\",\"@id\":\"https:\/\/redwellness.com\/#webpage\",\"url\":\"https:\/\/redwellness.com\/\",\"name\":\"RedWellness - Red Wellness\",\"isPartOf\":{\"@id\":\"https:\/\/redwellness.com\/#website\"},\"datePublished\":\"2020-04-02T12:17:59+00:00\",\"dateModified\":\"2020-04-02T12:30:46+00:00\",\"breadcrumb\":{\"@id\":\"https:\/\/redwellness.com\/#breadcrumb\"},\"inLanguage\":\"es\",\"potentialAction\":[{\"@type\":\"ReadAction\",\"target\":[\"https:\/\/redwellness.com\/\"]}]},{\"@type\":\"BreadcrumbList\",\"@id\":\"https:\/\/redwellness.com\/#breadcrumb\",\"itemListElement\":[{\"@type\":\"ListItem\",\"position\":1,\"item\":{\"@type\":\"WebPage\",\"@id\":\"https:\/\/redwellness.com\/\",\"url\":\"https:\/\/redwellness.com\/\",\"name\":\"Portada\"}},{\"@type\":\"ListItem\",\"position\":2,\"item\":{\"@id\":\"https:\/\/redwellness.com\/#webpage\"}}]}]}<\/script>\n<!-- \/ Yoast SEO plugin. -->","jetpack_sharing_enabled":true,"jetpack_shortlink":"https:\/\/wp.me\/Pa0jsK-12J","jetpack-related-posts":[{"id":764,"url":"https:\/\/redwellness.com\/es\/features\/intuitive-options-panel\/","url_meta":{"origin":4013,"position":0},"title":"Intuitive Options Panel","date":"9 diciembre, 2013","format":false,"excerpt":"","rel":"","context":"Entrada similar","img":{"alt_text":"","src":"","width":0,"height":0},"classes":[]},{"id":2129,"url":"https:\/\/redwellness.com\/es\/home-basic\/","url_meta":{"origin":4013,"position":1},"title":"Home - Basic","date":"31 marzo, 2014","format":false,"excerpt":"","rel":"","context":"Entrada similar","img":{"alt_text":"","src":"","width":0,"height":0},"classes":[]},{"id":965,"url":"https:\/\/redwellness.com\/es\/features\/page-builder\/","url_meta":{"origin":4013,"position":2},"title":"Page Builder","date":"17 enero, 2014","format":false,"excerpt":"","rel":"","context":"Entrada similar","img":{"alt_text":"","src":"","width":0,"height":0},"classes":[]},{"id":704,"url":"https:\/\/redwellness.com\/es\/about-2\/about-the-team\/","url_meta":{"origin":4013,"position":3},"title":"About Us - Basic","date":"23 marzo, 2013","format":false,"excerpt":"","rel":"","context":"Entrada similar","img":{"alt_text":"","src":"","width":0,"height":0},"classes":[]},{"id":73,"url":"https:\/\/redwellness.com\/es\/quienes-somos\/","url_meta":{"origin":4013,"position":4},"title":"\u00bfQuienes somos?","date":"16 enero, 2017","format":false,"excerpt":"","rel":"","context":"Entrada similar","img":{"alt_text":"","src":"","width":0,"height":0},"classes":[]},{"id":568,"url":"https:\/\/redwellness.com\/es\/headers\/","url_meta":{"origin":4013,"position":5},"title":"Headers","date":"24 julio, 2013","format":false,"excerpt":"","rel":"","context":"Entrada similar","img":{"alt_text":"","src":"","width":0,"height":0},"classes":[]}],"_links":{"self":[{"href":"https:\/\/redwellness.com\/es\/wp-json\/wp\/v2\/pages\/4013"}],"collection":[{"href":"https:\/\/redwellness.com\/es\/wp-json\/wp\/v2\/pages"}],"about":[{"href":"https:\/\/redwellness.com\/es\/wp-json\/wp\/v2\/types\/page"}],"author":[{"embeddable":true,"href":"https:\/\/redwellness.com\/es\/wp-json\/wp\/v2\/users\/1"}],"replies":[{"embeddable":true,"href":"https:\/\/redwellness.com\/es\/wp-json\/wp\/v2\/comments?post=4013"}],"version-history":[{"count":23,"href":"https:\/\/redwellness.com\/es\/wp-json\/wp\/v2\/pages\/4013\/revisions"}],"predecessor-version":[{"id":4041,"href":"https:\/\/redwellness.com\/es\/wp-json\/wp\/v2\/pages\/4013\/revisions\/4041"}],"wp:attachment":[{"href":"https:\/\/redwellness.com\/es\/wp-json\/wp\/v2\/media?parent=4013"}],"curies":[{"name":"wp","href":"https:\/\/api.w.org\/{rel}","templated":true}]}}